{"id":13,"date":"2024-06-08T22:14:23","date_gmt":"2024-06-09T01:14:23","guid":{"rendered":"https:\/\/iaantifragil.com.br\/?page_id=13"},"modified":"2024-06-09T16:22:50","modified_gmt":"2024-06-09T19:22:50","slug":"sobre","status":"publish","type":"page","link":"https:\/\/iaantifragil.com.br\/?page_id=13","title":{"rendered":"Sobre"},"content":{"rendered":"\n<p>Bem-vindo(a) ao IA Antifr\u00e1gil, o seu blog definitivo para entender e dominar o mundo da Intelig\u00eancia Artificial. O nosso objetivo \u00e9 lhe trazer conhecimento, estrat\u00e9gias e <em>insights <\/em>valiosos para que voc\u00ea n\u00e3o apenas sobreviva, mas prospere na era da IA.<\/p>\n\n\n\n<p>Descubra como a IA pode transformar e impulsionar a sua vida, a sua carreira e os seus neg\u00f3cios. Aqui, abordamos desde os conceitos b\u00e1sicos at\u00e9 as tend\u00eancias mais avan\u00e7adas, sempre com uma abordagem acess\u00edvel e interessante.<\/p>\n\n\n\n<p>Junte-se a n\u00f3s e se torne antifr\u00e1gil frente \u00e0s mudan\u00e7as tecnol\u00f3gicas, preparado(a) para os novos desafios e as novas oportunidades que a IA traz.<\/p>\n\n\n\n<p><\/p>\n","protected":false},"excerpt":{"rendered":"<p>Bem-vindo(a) ao IA Antifr\u00e1gil, o seu blog definitivo para entender e dominar o mundo da Intelig\u00eancia Artificial. O nosso objetivo \u00e9 lhe trazer conhecimento, estrat\u00e9gias e insights valiosos para que voc\u00ea n\u00e3o apenas sobreviva, mas prospere na era da IA. Descubra como a IA pode transformar e impulsionar a sua vida, a sua carreira e &#8230; <a title=\"Sobre\" class=\"read-more\" href=\"https:\/\/iaantifragil.com.br\/?page_id=13\" aria-label=\"Read more about Sobre\">Ler mais<\/a><\/p>\n","protected":false},"author":1,"featured_media":0,"parent":0,"menu_order":0,"comment_status":"closed","ping_status":"closed","template":"","meta":{"footnotes":""},"class_list":["post-13","page","type-page","status-publish"],"_hostinger_reach_plugin_has_subscription_block":false,"_hostinger_reach_plugin_is_elementor":false,"jetpack_sharing_enabled":true,"_links":{"self":[{"href":"https:\/\/iaantifragil.com.br\/index.php?rest_route=\/wp\/v2\/pages\/13","targetHints":{"allow":["GET"]}}],"collection":[{"href":"https:\/\/iaantifragil.com.br\/index.php?rest_route=\/wp\/v2\/pages"}],"about":[{"href":"https:\/\/iaantifragil.com.br\/index.php?rest_route=\/wp\/v2\/types\/page"}],"author":[{"embeddable":true,"href":"https:\/\/iaantifragil.com.br\/index.php?rest_route=\/wp\/v2\/users\/1"}],"replies":[{"embeddable":true,"href":"https:\/\/iaantifragil.com.br\/index.php?rest_route=%2Fwp%2Fv2%2Fcomments&post=13"}],"version-history":[{"count":2,"href":"https:\/\/iaantifragil.com.br\/index.php?rest_route=\/wp\/v2\/pages\/13\/revisions"}],"predecessor-version":[{"id":47,"href":"https:\/\/iaantifragil.com.br\/index.php?rest_route=\/wp\/v2\/pages\/13\/revisions\/47"}],"wp:attachment":[{"href":"https:\/\/iaantifragil.com.br\/index.php?rest_route=%2Fwp%2Fv2%2Fmedia&parent=13"}],"curies":[{"name":"wp","href":"https:\/\/api.w.org\/{rel}","templated":true}]}}